{"id":1194,"date":"2020-11-10T15:29:50","date_gmt":"2020-11-10T14:29:50","guid":{"rendered":"https:\/\/mehr-als-draht.de\/?page_id=1194"},"modified":"2023-02-08T18:48:49","modified_gmt":"2023-02-08T17:48:49","slug":"meshart-architectural-wire-mesh","status":"publish","type":"page","link":"https:\/\/meshart.de\/en\/meshart-architectural-wire-mesh\/","title":{"rendered":"About us"},"content":{"rendered":"<p>[et_pb_section fb_built=&#8221;1&#8243; _builder_version=&#8221;4.14.8&#8243; _module_preset=&#8221;default&#8221; use_background_color_gradient=&#8221;on&#8221; background_color_gradient_start=&#8221;rgba(0,0,0,0)&#8221; background_color_gradient_end=&#8221;#eeeeee&#8221; background_color_gradient_end_position=&#8221;57%&#8221; background_color_gradient_overlays_image=&#8221;on&#8221; background_image=&#8221;https:\/\/meshart.de\/en\/wp-content\/uploads\/sites\/2\/2021\/07\/Soft-Silver-scaled-1.jpg&#8221; hover_enabled=&#8221;0&#8243; global_colors_info=&#8221;{}&#8221; alt=&#8221;MeshArt Soft Gold&#8221; title_text=&#8221;Soft Silver&#8221; sticky_enabled=&#8221;0&#8243;][et_pb_row _builder_version=&#8221;4.9.2&#8243; _module_preset=&#8221;default&#8221; locked=&#8221;off&#8221; global_colors_info=&#8221;{}&#8221;][et_pb_column type=&#8221;4_4&#8243; _builder_version=&#8221;4.9.2&#8243; _module_preset=&#8221;default&#8221; global_colors_info=&#8221;{}&#8221;][et_pb_text _builder_version=&#8221;4.10.8&#8243; _module_preset=&#8221;default&#8221; header_font=&#8221;|600|||||||&#8221; custom_padding=&#8221;0px|||||&#8221; header_text_shadow_style=&#8221;preset3&#8243; header_text_shadow_color=&#8221;#FFFFFF&#8221; global_colors_info=&#8221;{}&#8221;]<\/p>\n<h1><span>We do MeshArt\u2122<\/span><\/h1>\n<p>[\/et_pb_text][\/et_pb_column][\/et_pb_row][et_pb_row _builder_version=&#8221;4.9.2&#8243; _module_preset=&#8221;default&#8221; min_height=&#8221;107px&#8221; custom_padding=&#8221;||||false|false&#8221; global_colors_info=&#8221;{}&#8221;][et_pb_column type=&#8221;4_4&#8243; _builder_version=&#8221;4.9.2&#8243; _module_preset=&#8221;default&#8221; global_colors_info=&#8221;{}&#8221;][et_pb_text admin_label=&#8221;Text&#8221; _builder_version=&#8221;4.10.8&#8243; _module_preset=&#8221;default&#8221; text_line_height=&#8221;1.8em&#8221; custom_margin=&#8221;0px||||false|false&#8221; custom_padding=&#8221;||0px||false|false&#8221; global_colors_info=&#8221;{}&#8221;]<\/p>\n<p>As early as 1918, we began manufacturing mesh and grids for a wide variety of industries as <strong><a title=\"DORSTENER DRAHTWERKE\" href=\"http:\/\/www.dorstener-drahtwerke.de\/\" target=\"_blank\" rel=\"noopener\">DORSTENER DRAHTWERKE<\/a><\/strong><br \/>We love what we do. That is why we have always further developed our technology, ideas and products. This is how our own product line for architecture and design came into being.\u00a0<span>MeshArt\u2122<\/span> &#8211; these are impressive mesh products for decorative and functional applications. Architects and planners thus have interesting design options.<\/p>\n<p>[\/et_pb_text][\/et_pb_column][\/et_pb_row][\/et_pb_section][et_pb_section fb_built=&#8221;1&#8243; _builder_version=&#8221;4.9.11&#8243; _module_preset=&#8221;default&#8221; background_color=&#8221;rgba(105,105,105,0.8)&#8221; use_background_color_gradient=&#8221;on&#8221; background_color_gradient_start=&#8221;#02519d&#8221; background_color_gradient_end=&#8221;rgba(41,196,169,0)&#8221; global_colors_info=&#8221;{}&#8221;][et_pb_row _builder_version=&#8221;4.9.2&#8243; _module_preset=&#8221;default&#8221; global_colors_info=&#8221;{}&#8221;][et_pb_column type=&#8221;4_4&#8243; _builder_version=&#8221;4.9.2&#8243; _module_preset=&#8221;default&#8221; global_colors_info=&#8221;{}&#8221;][et_pb_text _builder_version=&#8221;4.10.8&#8243; _module_preset=&#8221;default&#8221; text_text_color=&#8221;#FFFFFF&#8221; header_text_color=&#8221;#FFFFFF&#8221; header_2_text_color=&#8221;#FFFFFF&#8221; global_colors_info=&#8221;{}&#8221;]<\/p>\n<h2>Design and protect &#8211; with wire mesh<\/h2>\n<p>[\/et_pb_text][\/et_pb_column][\/et_pb_row][et_pb_row column_structure=&#8221;3_5,2_5&#8243; _builder_version=&#8221;4.9.2&#8243; _module_preset=&#8221;default&#8221; global_colors_info=&#8221;{}&#8221;][et_pb_column type=&#8221;3_5&#8243; _builder_version=&#8221;4.9.2&#8243; _module_preset=&#8221;default&#8221; global_colors_info=&#8221;{}&#8221;][et_pb_text _builder_version=&#8221;4.10.8&#8243; _module_preset=&#8221;default&#8221; text_text_color=&#8221;#FFFFFF&#8221; text_line_height=&#8221;1.8em&#8221; link_text_color=&#8221;#2EA3F2&#8243; global_colors_info=&#8221;{}&#8221;]<\/p>\n<p>Whether wire mesh made of stainless steel or non-ferrous metal, inside or outside: The possible applications of MeshArt\u2122 are as flexible as the meshes themselves. In architecture and commercial construction, for example, they can be used as ceiling and wall cladding, room dividers and stair cladding, or as bolted railing infill. Outdoors, stainless steel meshes are used for facade design and cladding, provide valuable sun, wind and privacy protection, and perform well in landscaping in the form of enclosures and fences. Our products succeed in combining design and aesthetics with practical benefits.<\/p>\n<p>[\/et_pb_text][\/et_pb_column][et_pb_column type=&#8221;2_5&#8243; _builder_version=&#8221;4.9.2&#8243; _module_preset=&#8221;default&#8221; global_colors_info=&#8221;{}&#8221;][et_pb_image src=&#8221;https:\/\/meshart.de\/en\/wp-content\/uploads\/sites\/2\/2021\/07\/unternehmen2.jpg&#8221; alt=&#8221;dorstener drahtwerke&#8221; title_text=&#8221;Production&#8221; force_fullwidth=&#8221;on&#8221; _builder_version=&#8221;4.10.8&#8243; _module_preset=&#8221;default&#8221; custom_margin=&#8221;||0px||false|false&#8221; animation_style=&#8221;slide&#8221; animation_direction=&#8221;right&#8221; animation_duration=&#8221;500ms&#8221; animation_intensity_slide=&#8221;10%&#8221; border_radii=&#8221;on|4px|4px|4px|4px&#8221; box_shadow_style=&#8221;preset2&#8243; global_colors_info=&#8221;{}&#8221;][\/et_pb_image][et_pb_text _builder_version=&#8221;4.10.8&#8243; _module_preset=&#8221;default&#8221; text_text_color=&#8221;#FFFFFF&#8221; text_font_size=&#8221;13px&#8221; text_orientation=&#8221;center&#8221; custom_padding=&#8221;0px||0px||false|false&#8221; global_colors_info=&#8221;{}&#8221;]<\/p>\n<p>Production in our factory<\/p>\n<p>[\/et_pb_text][\/et_pb_column][\/et_pb_row][\/et_pb_section][et_pb_section fb_built=&#8221;1&#8243; module_id=&#8221;uebermich&#8221; _builder_version=&#8221;4.9.11&#8243; _module_preset=&#8221;default&#8221; use_background_color_gradient=&#8221;on&#8221; background_color_gradient_start=&#8221;#eeeeee&#8221; background_color_gradient_end=&#8221;#eeeeee&#8221; background_color_gradient_overlays_image=&#8221;on&#8221; background_enable_image=&#8221;off&#8221; background_position=&#8221;bottom_right&#8221; global_colors_info=&#8221;{}&#8221;][et_pb_row column_structure=&#8221;1_2,1_2&#8243; _builder_version=&#8221;4.9.2&#8243; _module_preset=&#8221;default&#8221; global_colors_info=&#8221;{}&#8221;][et_pb_column type=&#8221;1_2&#8243; _builder_version=&#8221;4.9.2&#8243; _module_preset=&#8221;default&#8221; global_colors_info=&#8221;{}&#8221;][et_pb_text _builder_version=&#8221;4.10.8&#8243; _module_preset=&#8221;default&#8221; global_colors_info=&#8221;{}&#8221;]<\/p>\n<h2>Wire mesh as a design highlight&#8230;<\/h2>\n<p>[\/et_pb_text][et_pb_text _builder_version=&#8221;4.10.8&#8243; _module_preset=&#8221;default&#8221; global_colors_info=&#8221;{}&#8221;]<\/p>\n<p>The high-quality appearance of MeshArt\u2122 attracts attention and sets special accents. Whether fine wire mesh, shapeable wire netting, or robust wire grid: MeshArt\u2122 offers a decorative solution for almost every application. Especially in trade fair and interior design as well as in the construction of exclusive stores and boutiques, our mesh made of brass and bronze is a real design highlight.<\/p>\n<p>[\/et_pb_text][\/et_pb_column][et_pb_column type=&#8221;1_2&#8243; _builder_version=&#8221;4.9.2&#8243; _module_preset=&#8221;default&#8221; global_colors_info=&#8221;{}&#8221;][et_pb_text _builder_version=&#8221;4.10.8&#8243; _module_preset=&#8221;default&#8221; global_colors_info=&#8221;{}&#8221;]<\/p>\n<h2>Made of stainless steel, brass or bronze&#8230;<\/h2>\n<p>[\/et_pb_text][et_pb_text _builder_version=&#8221;4.10.8&#8243; _module_preset=&#8221;default&#8221; global_colors_info=&#8221;{}&#8221;]<\/p>\n<p>All <a title=\"metal mesh\" href=\"https:\/\/meshart.de\/en\/products\/\"><strong>metal mesh<\/strong><\/a> and <a title=\"wire grids\" href=\"https:\/\/meshart.de\/en\/products\/\"><strong>wire grids<\/strong><\/a> f\u00fcr Architektur und Bau sind in farb- und korrosionsbest\u00e4ndigem Edelstahl erh\u00e4ltlich (Werkstoff 1.4301, 1.4310, 1.4404 etc.). Neben Architekturgewebe aus Edelstahl bietet MeshArt\u2122 weitere Ausf\u00fchrungen in Messing, Bronze, Aluminium sowie mit spezieller Beschichtung. Der gro\u00dfe Vorteil unserer Drahtgewebe: Nichtbrennbarkeit (Brandschutzklasse A1), Robustheit und Langlebigkeit gew\u00e4hrleisten dauerhaft niedrige Instandhaltungskosten.<\/p>\n<p>[\/et_pb_text][\/et_pb_column][\/et_pb_row][et_pb_row _builder_version=&#8221;4.9.2&#8243; _module_preset=&#8221;default&#8221; global_colors_info=&#8221;{}&#8221;][et_pb_column type=&#8221;4_4&#8243; _builder_version=&#8221;4.9.2&#8243; _module_preset=&#8221;default&#8221; global_colors_info=&#8221;{}&#8221;][et_pb_text _builder_version=&#8221;4.10.8&#8243; _module_preset=&#8221;default&#8221; global_colors_info=&#8221;{}&#8221;]<\/p>\n<h4 style=\"text-align: center;\">Dorstener Drahtwerke &#8211; high-quality wire mesh &#8211; directly from the manufacturer.<\/h4>\n<p>[\/et_pb_text][\/et_pb_column][\/et_pb_row][\/et_pb_section][et_pb_section fb_built=&#8221;1&#8243; _builder_version=&#8221;4.9.2&#8243; _module_preset=&#8221;default&#8221; background_color=&#8221;#FFFFFF&#8221; global_colors_info=&#8221;{}&#8221;][et_pb_row column_structure=&#8221;1_2,1_2&#8243; _builder_version=&#8221;4.9.2&#8243; _module_preset=&#8221;default&#8221; global_colors_info=&#8221;{}&#8221;][et_pb_column type=&#8221;1_2&#8243; _builder_version=&#8221;4.9.2&#8243; _module_preset=&#8221;default&#8221; global_colors_info=&#8221;{}&#8221;][et_pb_image src=&#8221;https:\/\/mehr-als-draht.de\/wp-content\/uploads\/2021\/09\/leuchten-nautic-start-klein.jpg&#8221; alt=&#8221;Leuchtenbau, Shine Gold&#8221; title_text=&#8221;Leuchtenbau mit MeshArt Metallgewebe&#8221; align=&#8221;right&#8221; _builder_version=&#8221;4.9.11&#8243; _module_preset=&#8221;default&#8221; custom_margin=&#8221;||0px||false|false&#8221; animation_style=&#8221;slide&#8221; animation_direction=&#8221;left&#8221; animation_duration=&#8221;500ms&#8221; animation_intensity_slide=&#8221;10%&#8221; border_radii=&#8221;on|4px|4px|4px|4px&#8221; box_shadow_style=&#8221;preset2&#8243; global_colors_info=&#8221;{}&#8221;][\/et_pb_image][\/et_pb_column][et_pb_column type=&#8221;1_2&#8243; _builder_version=&#8221;4.9.2&#8243; _module_preset=&#8221;default&#8221; global_colors_info=&#8221;{}&#8221;][et_pb_text _builder_version=&#8221;4.10.8&#8243; _module_preset=&#8221;default&#8221; global_colors_info=&#8221;{}&#8221;]<\/p>\n<h3>Possible applications:<\/h3>\n<p>[\/et_pb_text][et_pb_text _builder_version=&#8221;4.10.8&#8243; _module_preset=&#8221;default&#8221; text_text_color=&#8221;#000000&#8243; link_text_color=&#8221;#02519D&#8221; header_3_text_color=&#8221;#000000&#8243; global_colors_info=&#8221;{}&#8221;]<\/p>\n<div class=\"et_pb_module et_pb_text et_pb_text_11  et_pb_text_align_left et_pb_bg_layout_light\">\n<div class=\"et_pb_text_inner\">\n<ul>\n<li>Ceiling and wall cladding<\/li>\n<li>Room dividers and partitions<\/li>\n<li>Railing infill &#8211; stair cladding<\/li>\n<li>Facade design &#8211; facade cladding<\/li>\n<li>Sun and wind protection &#8211; privacy screen<\/li>\n<li>Shop fitting &#8211; luminaire design<\/li>\n<li>Landscaping &#8211; enclosure<\/li>\n<\/ul>\n<\/div>\n<\/div>\n<p>[\/et_pb_text][\/et_pb_column][\/et_pb_row][\/et_pb_section]<\/p>\n","protected":false},"excerpt":{"rendered":"<p>We do MeshArt\u2122As early as 1918, we began manufacturing mesh and grids for a wide variety of industries as DORSTENER DRAHTWERKEWe love what we do. That is why we have always further developed our technology, ideas and products. This is how our own product line for architecture and design came into being.\u00a0MeshArt\u2122 &#8211; these are [&hellip;]<\/p>\n","protected":false},"author":1,"featured_media":0,"parent":0,"menu_order":0,"comment_status":"closed","ping_status":"closed","template":"","meta":{"_et_pb_use_builder":"on","_et_pb_old_content":"","_et_gb_content_width":"","inline_featured_image":false,"footnotes":""},"class_list":["post-1194","page","type-page","status-publish","hentry"],"yoast_head":"<!-- This site is optimized with the Yoast SEO plugin v27.4 - https:\/\/yoast.com\/product\/yoast-seo-wordpress\/ -->\n<title>About us - Architectural wire mesh<\/title>\n<meta name=\"description\" content=\"Dorstener Drahtwerke - Drahtgewebe direkt vom Hersteller. MeshArt\u2122 Metallgewebe f\u00fcr Architektur, Objektbau, Hotel-, Messe- u. Ladenbau, Innenausbau und Design.\" \/>\n<meta name=\"robots\" content=\"index, follow, max-snippet:-1, max-image-preview:large, max-video-preview:-1\" \/>\n<link rel=\"canonical\" href=\"https:\/\/meshart.de\/en\/meshart-architectural-wire-mesh\/\" \/>\n<meta property=\"og:locale\" content=\"en_US\" \/>\n<meta property=\"og:type\" content=\"article\" \/>\n<meta property=\"og:title\" content=\"About us - Architectural wire mesh\" \/>\n<meta property=\"og:description\" content=\"Dorstener Drahtwerke - Drahtgewebe direkt vom Hersteller. MeshArt\u2122 Metallgewebe f\u00fcr Architektur, Objektbau, Hotel-, Messe- u. Ladenbau, Innenausbau und Design.\" \/>\n<meta property=\"og:url\" content=\"https:\/\/meshart.de\/en\/meshart-architectural-wire-mesh\/\" \/>\n<meta property=\"og:site_name\" content=\"Architectural wire mesh\" \/>\n<meta property=\"article:modified_time\" content=\"2023-02-08T17:48:49+00:00\" \/>\n<meta name=\"twitter:card\" content=\"summary_large_image\" \/>\n<meta name=\"twitter:label1\" content=\"Est. reading time\" \/>\n\t<meta name=\"twitter:data1\" content=\"3 minutes\" \/>\n<script type=\"application\/ld+json\" class=\"yoast-schema-graph\">{\"@context\":\"https:\\\/\\\/schema.org\",\"@graph\":[{\"@type\":\"WebPage\",\"@id\":\"https:\\\/\\\/meshart.de\\\/en\\\/meshart-architectural-wire-mesh\\\/\",\"url\":\"https:\\\/\\\/meshart.de\\\/en\\\/meshart-architectural-wire-mesh\\\/\",\"name\":\"About us - Architectural wire mesh\",\"isPartOf\":{\"@id\":\"https:\\\/\\\/meshart.de\\\/en\\\/#website\"},\"datePublished\":\"2020-11-10T14:29:50+00:00\",\"dateModified\":\"2023-02-08T17:48:49+00:00\",\"description\":\"Dorstener Drahtwerke - Drahtgewebe direkt vom Hersteller. MeshArt\u2122 Metallgewebe f\u00fcr Architektur, Objektbau, Hotel-, Messe- u. Ladenbau, Innenausbau und Design.\",\"breadcrumb\":{\"@id\":\"https:\\\/\\\/meshart.de\\\/en\\\/meshart-architectural-wire-mesh\\\/#breadcrumb\"},\"inLanguage\":\"en-US\",\"potentialAction\":[{\"@type\":\"ReadAction\",\"target\":[\"https:\\\/\\\/meshart.de\\\/en\\\/meshart-architectural-wire-mesh\\\/\"]}]},{\"@type\":\"BreadcrumbList\",\"@id\":\"https:\\\/\\\/meshart.de\\\/en\\\/meshart-architectural-wire-mesh\\\/#breadcrumb\",\"itemListElement\":[{\"@type\":\"ListItem\",\"position\":1,\"name\":\"Startseite\",\"item\":\"https:\\\/\\\/meshart.de\\\/en\\\/\"},{\"@type\":\"ListItem\",\"position\":2,\"name\":\"About us\"}]},{\"@type\":\"WebSite\",\"@id\":\"https:\\\/\\\/meshart.de\\\/en\\\/#website\",\"url\":\"https:\\\/\\\/meshart.de\\\/en\\\/\",\"name\":\"Architectural wire mesh\",\"description\":\"MeshArt - woven wire cloth\",\"potentialAction\":[{\"@type\":\"SearchAction\",\"target\":{\"@type\":\"EntryPoint\",\"urlTemplate\":\"https:\\\/\\\/meshart.de\\\/en\\\/?s={search_term_string}\"},\"query-input\":{\"@type\":\"PropertyValueSpecification\",\"valueRequired\":true,\"valueName\":\"search_term_string\"}}],\"inLanguage\":\"en-US\"}]}<\/script>\n<!-- \/ Yoast SEO plugin. -->","yoast_head_json":{"title":"About us - Architectural wire mesh","description":"Dorstener Drahtwerke - Drahtgewebe direkt vom Hersteller. MeshArt\u2122 Metallgewebe f\u00fcr Architektur, Objektbau, Hotel-, Messe- u. Ladenbau, Innenausbau und Design.","robots":{"index":"index","follow":"follow","max-snippet":"max-snippet:-1","max-image-preview":"max-image-preview:large","max-video-preview":"max-video-preview:-1"},"canonical":"https:\/\/meshart.de\/en\/meshart-architectural-wire-mesh\/","og_locale":"en_US","og_type":"article","og_title":"About us - Architectural wire mesh","og_description":"Dorstener Drahtwerke - Drahtgewebe direkt vom Hersteller. MeshArt\u2122 Metallgewebe f\u00fcr Architektur, Objektbau, Hotel-, Messe- u. Ladenbau, Innenausbau und Design.","og_url":"https:\/\/meshart.de\/en\/meshart-architectural-wire-mesh\/","og_site_name":"Architectural wire mesh","article_modified_time":"2023-02-08T17:48:49+00:00","twitter_card":"summary_large_image","twitter_misc":{"Est. reading time":"3 minutes"},"schema":{"@context":"https:\/\/schema.org","@graph":[{"@type":"WebPage","@id":"https:\/\/meshart.de\/en\/meshart-architectural-wire-mesh\/","url":"https:\/\/meshart.de\/en\/meshart-architectural-wire-mesh\/","name":"About us - Architectural wire mesh","isPartOf":{"@id":"https:\/\/meshart.de\/en\/#website"},"datePublished":"2020-11-10T14:29:50+00:00","dateModified":"2023-02-08T17:48:49+00:00","description":"Dorstener Drahtwerke - Drahtgewebe direkt vom Hersteller. MeshArt\u2122 Metallgewebe f\u00fcr Architektur, Objektbau, Hotel-, Messe- u. Ladenbau, Innenausbau und Design.","breadcrumb":{"@id":"https:\/\/meshart.de\/en\/meshart-architectural-wire-mesh\/#breadcrumb"},"inLanguage":"en-US","potentialAction":[{"@type":"ReadAction","target":["https:\/\/meshart.de\/en\/meshart-architectural-wire-mesh\/"]}]},{"@type":"BreadcrumbList","@id":"https:\/\/meshart.de\/en\/meshart-architectural-wire-mesh\/#breadcrumb","itemListElement":[{"@type":"ListItem","position":1,"name":"Startseite","item":"https:\/\/meshart.de\/en\/"},{"@type":"ListItem","position":2,"name":"About us"}]},{"@type":"WebSite","@id":"https:\/\/meshart.de\/en\/#website","url":"https:\/\/meshart.de\/en\/","name":"Architectural wire mesh","description":"MeshArt - woven wire cloth","potentialAction":[{"@type":"SearchAction","target":{"@type":"EntryPoint","urlTemplate":"https:\/\/meshart.de\/en\/?s={search_term_string}"},"query-input":{"@type":"PropertyValueSpecification","valueRequired":true,"valueName":"search_term_string"}}],"inLanguage":"en-US"}]}},"_links":{"self":[{"href":"https:\/\/meshart.de\/en\/wp-json\/wp\/v2\/pages\/1194","targetHints":{"allow":["GET"]}}],"collection":[{"href":"https:\/\/meshart.de\/en\/wp-json\/wp\/v2\/pages"}],"about":[{"href":"https:\/\/meshart.de\/en\/wp-json\/wp\/v2\/types\/page"}],"author":[{"embeddable":true,"href":"https:\/\/meshart.de\/en\/wp-json\/wp\/v2\/users\/1"}],"replies":[{"embeddable":true,"href":"https:\/\/meshart.de\/en\/wp-json\/wp\/v2\/comments?post=1194"}],"version-history":[{"count":7,"href":"https:\/\/meshart.de\/en\/wp-json\/wp\/v2\/pages\/1194\/revisions"}],"predecessor-version":[{"id":3784,"href":"https:\/\/meshart.de\/en\/wp-json\/wp\/v2\/pages\/1194\/revisions\/3784"}],"wp:attachment":[{"href":"https:\/\/meshart.de\/en\/wp-json\/wp\/v2\/media?parent=1194"}],"curies":[{"name":"wp","href":"https:\/\/api.w.org\/{rel}","templated":true}]}}