{"id":1167,"date":"2020-11-10T14:26:09","date_gmt":"2020-11-10T13:26:09","guid":{"rendered":"https:\/\/mehr-als-draht.de\/?page_id=1167"},"modified":"2023-09-01T11:59:28","modified_gmt":"2023-09-01T09:59:28","slug":"wissen-architekturgewebe-edelstahl-messing-bronze","status":"publish","type":"page","link":"https:\/\/meshart.de\/en\/wissen-architekturgewebe-edelstahl-messing-bronze\/","title":{"rendered":"Wissen"},"content":{"rendered":"<p>[et_pb_section fb_built=&#8221;1&#8243; _builder_version=&#8221;4.10.8&#8243; _module_preset=&#8221;default&#8221; background_enable_color=&#8221;off&#8221; use_background_color_gradient=&#8221;on&#8221; background_color_gradient_start=&#8221;rgba(0,0,0,0)&#8221; background_color_gradient_end=&#8221;#ffffff&#8221; background_color_gradient_start_position=&#8221;20%&#8221; background_color_gradient_end_position=&#8221;68%&#8221; background_color_gradient_overlays_image=&#8221;on&#8221; background_image=&#8221;https:\/\/mehr-als-draht.de\/wp-content\/uploads\/2021\/08\/11284-17-02-scaled.jpg&#8221; background_position=&#8221;bottom_right&#8221; min_height=&#8221;10px&#8221; locked=&#8221;off&#8221; global_colors_info=&#8221;{}&#8221;][et_pb_row _builder_version=&#8221;4.9.11&#8243; _module_preset=&#8221;default&#8221; background_enable_color=&#8221;off&#8221; global_colors_info=&#8221;{}&#8221;][et_pb_column type=&#8221;4_4&#8243; _builder_version=&#8221;4.9.2&#8243; _module_preset=&#8221;default&#8221; global_colors_info=&#8221;{}&#8221;][et_pb_text _builder_version=&#8221;4.10.8&#8243; _module_preset=&#8221;default&#8221; header_font=&#8221;|600|||||||&#8221; header_font_size=&#8221;31px&#8221; custom_padding=&#8221;0px|||||&#8221; custom_css_main_element=&#8221;font-size:30px !important&#8221; header_text_shadow_style=&#8221;preset2&#8243; header_text_shadow_color=&#8221;#FFFFFF&#8221; global_colors_info=&#8221;{}&#8221;]<\/p>\n<h1>Wissen<\/h1>\n<p>[\/et_pb_text][\/et_pb_column][\/et_pb_row][et_pb_row _builder_version=&#8221;4.9.2&#8243; _module_preset=&#8221;default&#8221; global_colors_info=&#8221;{}&#8221;][et_pb_column type=&#8221;4_4&#8243; _builder_version=&#8221;4.9.2&#8243; _module_preset=&#8221;default&#8221; global_colors_info=&#8221;{}&#8221;][et_pb_text _builder_version=&#8221;4.10.8&#8243; _module_preset=&#8221;default&#8221; text_line_height=&#8221;1.8em&#8221; custom_margin=&#8221;0px||||false|false&#8221; custom_padding=&#8221;||0px||false|false&#8221; global_colors_info=&#8221;{}&#8221;]<\/p>\n<p>In diesem Bereich finden Sie hilfreiche Hinweise zu unserem Architekturgewebe.<br \/>Bestellung ++ Mindestabnahmemenge ++ Weiterverarbeitung ++ Befestigung ++<br \/>MeshArt<span>\u2122<\/span> in Glas ++ Muster ++ Fachberichte ++ Neuigkeiten &#8230;<\/p>\n<p>[\/et_pb_text][\/et_pb_column][\/et_pb_row][\/et_pb_section][et_pb_section fb_built=&#8221;1&#8243; _builder_version=&#8221;4.10.8&#8243; _module_preset=&#8221;default&#8221; global_colors_info=&#8221;{}&#8221;][et_pb_row column_structure=&#8221;2_3,1_3&#8243; _builder_version=&#8221;4.10.8&#8243; _module_preset=&#8221;default&#8221; global_colors_info=&#8221;{}&#8221;][et_pb_column type=&#8221;2_3&#8243; _builder_version=&#8221;4.10.8&#8243; _module_preset=&#8221;default&#8221; global_colors_info=&#8221;{}&#8221;][et_pb_blog fullwidth=&#8221;off&#8221; include_categories=&#8221;all&#8221; show_more=&#8221;on&#8221; show_date=&#8221;off&#8221; _builder_version=&#8221;4.10.8&#8243; _module_preset=&#8221;default&#8221; custom_margin=&#8221;0px||||false|false&#8221; custom_padding=&#8221;0px|0px|||false|false&#8221; border_radii=&#8221;on|4px|4px|4px|4px&#8221; box_shadow_style=&#8221;preset2&#8243; box_shadow_spread=&#8221;-6px&#8221; global_colors_info=&#8221;{}&#8221;][\/et_pb_blog][\/et_pb_column][et_pb_column type=&#8221;1_3&#8243; _builder_version=&#8221;4.10.8&#8243; _module_preset=&#8221;default&#8221; global_colors_info=&#8221;{}&#8221;][et_pb_sidebar orientation=&#8221;right&#8221; _builder_version=&#8221;4.10.8&#8243; _module_preset=&#8221;default&#8221; global_colors_info=&#8221;{}&#8221;][\/et_pb_sidebar][\/et_pb_column][\/et_pb_row][\/et_pb_section]<\/p>\n","protected":false},"excerpt":{"rendered":"<p>WissenIn diesem Bereich finden Sie hilfreiche Hinweise zu unserem Architekturgewebe.Bestellung ++ Mindestabnahmemenge ++ Weiterverarbeitung ++ Befestigung ++MeshArt\u2122 in Glas ++ Muster ++ Fachberichte ++ Neuigkeiten &#8230;<\/p>\n","protected":false},"author":1,"featured_media":0,"parent":0,"menu_order":0,"comment_status":"closed","ping_status":"closed","template":"","meta":{"_et_pb_use_builder":"on","_et_pb_old_content":"","_et_gb_content_width":"","inline_featured_image":false,"footnotes":""},"class_list":["post-1167","page","type-page","status-publish","hentry"],"yoast_head":"<!-- This site is optimized with the Yoast SEO plugin v27.4 - https:\/\/yoast.com\/product\/yoast-seo-wordpress\/ -->\n<title>Wissen - Architectural wire mesh<\/title>\n<meta name=\"description\" content=\"Au\u00dfergew\u00f6hnliches Material f\u00fcr Architektur und Design: Architekturgewebe aus Metall, Drahtgewebe aus Edelstahl, Drahtgeflecht aus Messing und Bronze.\" \/>\n<meta name=\"robots\" content=\"index, follow, max-snippet:-1, max-image-preview:large, max-video-preview:-1\" \/>\n<link rel=\"canonical\" href=\"https:\/\/meshart.de\/en\/wissen-architekturgewebe-edelstahl-messing-bronze\/\" \/>\n<meta property=\"og:locale\" content=\"en_US\" \/>\n<meta property=\"og:type\" content=\"article\" \/>\n<meta property=\"og:title\" content=\"Wissen - Architectural wire mesh\" \/>\n<meta property=\"og:description\" content=\"Au\u00dfergew\u00f6hnliches Material f\u00fcr Architektur und Design: Architekturgewebe aus Metall, Drahtgewebe aus Edelstahl, Drahtgeflecht aus Messing und Bronze.\" \/>\n<meta property=\"og:url\" content=\"https:\/\/meshart.de\/en\/wissen-architekturgewebe-edelstahl-messing-bronze\/\" \/>\n<meta property=\"og:site_name\" content=\"Architectural wire mesh\" \/>\n<meta property=\"article:modified_time\" content=\"2023-09-01T09:59:28+00:00\" \/>\n<meta name=\"twitter:card\" content=\"summary_large_image\" \/>\n<meta name=\"twitter:label1\" content=\"Est. reading time\" \/>\n\t<meta name=\"twitter:data1\" content=\"1 minute\" \/>\n<script type=\"application\/ld+json\" class=\"yoast-schema-graph\">{\"@context\":\"https:\\\/\\\/schema.org\",\"@graph\":[{\"@type\":\"WebPage\",\"@id\":\"https:\\\/\\\/meshart.de\\\/en\\\/wissen-architekturgewebe-edelstahl-messing-bronze\\\/\",\"url\":\"https:\\\/\\\/meshart.de\\\/en\\\/wissen-architekturgewebe-edelstahl-messing-bronze\\\/\",\"name\":\"Wissen - Architectural wire mesh\",\"isPartOf\":{\"@id\":\"https:\\\/\\\/meshart.de\\\/en\\\/#website\"},\"datePublished\":\"2020-11-10T13:26:09+00:00\",\"dateModified\":\"2023-09-01T09:59:28+00:00\",\"description\":\"Au\u00dfergew\u00f6hnliches Material f\u00fcr Architektur und Design: Architekturgewebe aus Metall, Drahtgewebe aus Edelstahl, Drahtgeflecht aus Messing und Bronze.\",\"breadcrumb\":{\"@id\":\"https:\\\/\\\/meshart.de\\\/en\\\/wissen-architekturgewebe-edelstahl-messing-bronze\\\/#breadcrumb\"},\"inLanguage\":\"en-US\",\"potentialAction\":[{\"@type\":\"ReadAction\",\"target\":[\"https:\\\/\\\/meshart.de\\\/en\\\/wissen-architekturgewebe-edelstahl-messing-bronze\\\/\"]}]},{\"@type\":\"BreadcrumbList\",\"@id\":\"https:\\\/\\\/meshart.de\\\/en\\\/wissen-architekturgewebe-edelstahl-messing-bronze\\\/#breadcrumb\",\"itemListElement\":[{\"@type\":\"ListItem\",\"position\":1,\"name\":\"Startseite\",\"item\":\"https:\\\/\\\/meshart.de\\\/en\\\/\"},{\"@type\":\"ListItem\",\"position\":2,\"name\":\"Wissen\"}]},{\"@type\":\"WebSite\",\"@id\":\"https:\\\/\\\/meshart.de\\\/en\\\/#website\",\"url\":\"https:\\\/\\\/meshart.de\\\/en\\\/\",\"name\":\"Architectural wire mesh\",\"description\":\"MeshArt - woven wire cloth\",\"potentialAction\":[{\"@type\":\"SearchAction\",\"target\":{\"@type\":\"EntryPoint\",\"urlTemplate\":\"https:\\\/\\\/meshart.de\\\/en\\\/?s={search_term_string}\"},\"query-input\":{\"@type\":\"PropertyValueSpecification\",\"valueRequired\":true,\"valueName\":\"search_term_string\"}}],\"inLanguage\":\"en-US\"}]}<\/script>\n<!-- \/ Yoast SEO plugin. -->","yoast_head_json":{"title":"Wissen - Architectural wire mesh","description":"Au\u00dfergew\u00f6hnliches Material f\u00fcr Architektur und Design: Architekturgewebe aus Metall, Drahtgewebe aus Edelstahl, Drahtgeflecht aus Messing und Bronze.","robots":{"index":"index","follow":"follow","max-snippet":"max-snippet:-1","max-image-preview":"max-image-preview:large","max-video-preview":"max-video-preview:-1"},"canonical":"https:\/\/meshart.de\/en\/wissen-architekturgewebe-edelstahl-messing-bronze\/","og_locale":"en_US","og_type":"article","og_title":"Wissen - Architectural wire mesh","og_description":"Au\u00dfergew\u00f6hnliches Material f\u00fcr Architektur und Design: Architekturgewebe aus Metall, Drahtgewebe aus Edelstahl, Drahtgeflecht aus Messing und Bronze.","og_url":"https:\/\/meshart.de\/en\/wissen-architekturgewebe-edelstahl-messing-bronze\/","og_site_name":"Architectural wire mesh","article_modified_time":"2023-09-01T09:59:28+00:00","twitter_card":"summary_large_image","twitter_misc":{"Est. reading time":"1 minute"},"schema":{"@context":"https:\/\/schema.org","@graph":[{"@type":"WebPage","@id":"https:\/\/meshart.de\/en\/wissen-architekturgewebe-edelstahl-messing-bronze\/","url":"https:\/\/meshart.de\/en\/wissen-architekturgewebe-edelstahl-messing-bronze\/","name":"Wissen - Architectural wire mesh","isPartOf":{"@id":"https:\/\/meshart.de\/en\/#website"},"datePublished":"2020-11-10T13:26:09+00:00","dateModified":"2023-09-01T09:59:28+00:00","description":"Au\u00dfergew\u00f6hnliches Material f\u00fcr Architektur und Design: Architekturgewebe aus Metall, Drahtgewebe aus Edelstahl, Drahtgeflecht aus Messing und Bronze.","breadcrumb":{"@id":"https:\/\/meshart.de\/en\/wissen-architekturgewebe-edelstahl-messing-bronze\/#breadcrumb"},"inLanguage":"en-US","potentialAction":[{"@type":"ReadAction","target":["https:\/\/meshart.de\/en\/wissen-architekturgewebe-edelstahl-messing-bronze\/"]}]},{"@type":"BreadcrumbList","@id":"https:\/\/meshart.de\/en\/wissen-architekturgewebe-edelstahl-messing-bronze\/#breadcrumb","itemListElement":[{"@type":"ListItem","position":1,"name":"Startseite","item":"https:\/\/meshart.de\/en\/"},{"@type":"ListItem","position":2,"name":"Wissen"}]},{"@type":"WebSite","@id":"https:\/\/meshart.de\/en\/#website","url":"https:\/\/meshart.de\/en\/","name":"Architectural wire mesh","description":"MeshArt - woven wire cloth","potentialAction":[{"@type":"SearchAction","target":{"@type":"EntryPoint","urlTemplate":"https:\/\/meshart.de\/en\/?s={search_term_string}"},"query-input":{"@type":"PropertyValueSpecification","valueRequired":true,"valueName":"search_term_string"}}],"inLanguage":"en-US"}]}},"_links":{"self":[{"href":"https:\/\/meshart.de\/en\/wp-json\/wp\/v2\/pages\/1167","targetHints":{"allow":["GET"]}}],"collection":[{"href":"https:\/\/meshart.de\/en\/wp-json\/wp\/v2\/pages"}],"about":[{"href":"https:\/\/meshart.de\/en\/wp-json\/wp\/v2\/types\/page"}],"author":[{"embeddable":true,"href":"https:\/\/meshart.de\/en\/wp-json\/wp\/v2\/users\/1"}],"replies":[{"embeddable":true,"href":"https:\/\/meshart.de\/en\/wp-json\/wp\/v2\/comments?post=1167"}],"version-history":[{"count":1,"href":"https:\/\/meshart.de\/en\/wp-json\/wp\/v2\/pages\/1167\/revisions"}],"predecessor-version":[{"id":3569,"href":"https:\/\/meshart.de\/en\/wp-json\/wp\/v2\/pages\/1167\/revisions\/3569"}],"wp:attachment":[{"href":"https:\/\/meshart.de\/en\/wp-json\/wp\/v2\/media?parent=1167"}],"curies":[{"name":"wp","href":"https:\/\/api.w.org\/{rel}","templated":true}]}}